{"id":122,"date":"2019-08-23T07:34:01","date_gmt":"2019-08-23T07:34:01","guid":{"rendered":"http:\/\/www.joviko.fi\/?page_id=122"},"modified":"2022-01-15T14:16:06","modified_gmt":"2022-01-15T14:16:06","slug":"tietoja-meista","status":"publish","type":"page","link":"https:\/\/www.joviko.fi\/?page_id=122","title":{"rendered":"Toiminta-ajatuksemme"},"content":{"rendered":"\n<p>Alueiden kehitt\u00e4misess\u00e4 on kysymys hallittavuudesta, arvoista ja muutoksesta. Alueiden kehitt\u00e4misen perusta on strategian ja vision luominen tietylle rajatulle alueelle tai kehityskohteelle. T\u00e4m\u00e4 tahtotila m\u00e4\u00e4ritt\u00e4\u00e4 tulevat toimenpiteet ja linjaa kehityssuunnan.<\/p>\n\n\n\n<p>Jokaisella alueella on omat vahvuutensa ja omaleimaisuutensa \u2013 ne pit\u00e4\u00e4 hy\u00f6dynt\u00e4\u00e4 vetovoimaksi. Hyv\u00e4t ideat jalostuvat konkretiaksi ja vahvistavat osaltaan alueen elinvoimaa. Joviko Oy auttaa strategian luomisessa, vision m\u00e4\u00e4ritt\u00e4misess\u00e4 sek\u00e4 idean jalostamisessa. <\/p>\n\n\n\n<p>Alue- ja kiinteist\u00f6strategian toteuttamiseen t\u00e4ht\u00e4\u00e4v\u00e4t kehitysprojektit hy\u00f6dynt\u00e4v\u00e4t erityisosaamista. Hyv\u00e4t, toteutuskelpoiset ideat ja hankkeet vaativat koordinointia ja yhteisty\u00f6kumppaneita. Nykyaikaisen rakentamisen l\u00e4ht\u00f6kohtana on kumppanuusrakentaminen. Me toimimme kumppanuuksien kokoajana.<\/p>\n\n\n\n<p>Markkinointi on keskeinen osa rakennuttamisen liiketoimintakonseptia. Autamme l\u00f6yt\u00e4m\u00e4\u00e4n oikeat kohderyhm\u00e4t ja luomaan markkinointiviestint\u00e4\u00e4n tarvittavat elementit.<\/p>\n\n\n\n<p>Joviko Oy on perheyhti\u00f6, jonka toimijoiden monipuolinen kokemuspohja antaa vahvan panoksen tulokselliseen kehitystoimintaan ja joustavaan kumppanuuteen.\u00a0 <\/p>\n\n\n\n<p>Yhteisty\u00f6kumppaneitamme on mm. Patio Group Oy, <a rel=\"noreferrer noopener\" href=\"http:\/\/www.patioterassit.fi\" data-type=\"URL\" data-id=\"www.patioterassit.fi\" target=\"_blank\">www.patioterassit.fi<\/a> .<\/p>\n","protected":false},"excerpt":{"rendered":"<p>Alueiden kehitt\u00e4misess\u00e4 on kysymys hallittavuudesta, arvoista ja muutoksesta. Alueiden kehitt\u00e4misen perusta on strategian ja vision luominen tietylle rajatulle alueelle tai kehityskohteelle. T\u00e4m\u00e4 tahtotila m\u00e4\u00e4ritt\u00e4\u00e4 tulevat toimenpiteet ja linjaa kehityssuunnan. Jokaisella alueella on omat vahvuutensa ja omaleimaisuutensa \u2013 ne pit\u00e4\u00e4 hy\u00f6dynt\u00e4\u00e4 vetovoimaksi. Hyv\u00e4t ideat jalostuvat konkretiaksi ja vahvistavat osaltaan alueen elinvoimaa. Joviko Oy auttaa strategian luomisessa, [&hellip;]<\/p>\n","protected":false},"author":1,"featured_media":0,"parent":0,"menu_order":0,"comment_status":"closed","ping_status":"closed","template":"","meta":{"footnotes":""},"class_list":["post-122","page","type-page","status-publish","czr-hentry"],"_links":{"self":[{"href":"https:\/\/www.joviko.fi\/index.php?rest_route=\/wp\/v2\/pages\/122","targetHints":{"allow":["GET"]}}],"collection":[{"href":"https:\/\/www.joviko.fi\/index.php?rest_route=\/wp\/v2\/pages"}],"about":[{"href":"https:\/\/www.joviko.fi\/index.php?rest_route=\/wp\/v2\/types\/page"}],"author":[{"embeddable":true,"href":"https:\/\/www.joviko.fi\/index.php?rest_route=\/wp\/v2\/users\/1"}],"replies":[{"embeddable":true,"href":"https:\/\/www.joviko.fi\/index.php?rest_route=%2Fwp%2Fv2%2Fcomments&post=122"}],"version-history":[{"count":8,"href":"https:\/\/www.joviko.fi\/index.php?rest_route=\/wp\/v2\/pages\/122\/revisions"}],"predecessor-version":[{"id":316,"href":"https:\/\/www.joviko.fi\/index.php?rest_route=\/wp\/v2\/pages\/122\/revisions\/316"}],"wp:attachment":[{"href":"https:\/\/www.joviko.fi\/index.php?rest_route=%2Fwp%2Fv2%2Fmedia&parent=122"}],"curies":[{"name":"wp","href":"https:\/\/api.w.org\/{rel}","templated":true}]}}